{"id":6243,"date":"2020-08-12T01:36:28","date_gmt":"2020-08-12T01:36:28","guid":{"rendered":"https:\/\/openits.co\/?page_id=6243"},"modified":"2023-02-12T14:08:31","modified_gmt":"2023-02-12T14:08:31","slug":"facturacion-electronica","status":"publish","type":"page","link":"https:\/\/openits.co\/index.php\/facturacion-electronica\/","title":{"rendered":"Facturaci\u00f3n Electr\u00f3nica"},"content":{"rendered":"<p>[vc_row content_width=\u00bbgrid\u00bb content_aligment=\u00bbcenter\u00bb css=\u00bb.vc_custom_1445435073706{padding-top: 58px !important;padding-bottom: 67px !important;}\u00bb][vc_column][vc_column_text]<\/p>\n<h3><span style=\"font-weight: normal;\">Nuestro Portal de Comercio Electr\u00f3nico le permite desmaterializar sus documentos de negocio y lograr interoperabilidad de los datos frente a los nuevos requerimientos de FACTURACI\u00d3N ELECTR\u00d3NICA con Validaciones Previas exigidos por la DIAN\u00a0<\/span><\/h3>\n<p>[\/vc_column_text][vc_empty_space height=\u00bb20px\u00bb][vc_column_text][\/vc_column_text][\/vc_column][\/vc_row][vc_row content_width=\u00bbgrid\u00bb content_aligment=\u00bbcenter\u00bb css=\u00bb.vc_custom_1446113498376{padding-bottom: 42px !important;}\u00bb][vc_column width=\u00bb1\/4&#8243;]<div class=\"qodef-elements-holder qodef-responsive-mode-768\" ><div class=\"qodef-elements-holder-item qodef-vertical-alignment-middle qodef-horizontal-alignment-left qodef-grow-in\" style=\"transition-delay:300ms;-webkit-transition-delay:300ms\">\n\t<div class=\"qodef-elements-holder-item-inner\">\n\t\t<div class=\"qodef-elements-holder-item-content qodef-elements-holder-custom-551668\" style=\"padding: 0 0 0 0\">\n\t\t\t\t\t\t[vc_single_image image=\u00bb6282&#8243; img_size=\u00bbfull\u00bb alignment=\u00bbcenter\u00bb onclick=\u00bbcustom_link\u00bb link=\u00bbhttps:\/\/openits.co\/index.php\/modulo-emision\/\u00bb]\t\t<\/div>\n\t<\/div>\n<\/div><\/div>[vc_empty_space][vc_column_text]<\/p>\n<h5>M\u00f3dulo Emisi\u00f3n<\/h5>\n<p>[\/vc_column_text][vc_column_text]<span style=\"font-weight: 400;\">Genere su factura electr\u00f3nica, cumpliendo con la exigibilidad de la DIAN.<\/span>[\/vc_column_text][vc_empty_space height=\u00bb16px\u00bb][\/vc_column][vc_column width=\u00bb1\/4&#8243;]<div class=\"qodef-elements-holder qodef-responsive-mode-768\" ><div class=\"qodef-elements-holder-item qodef-vertical-alignment-middle qodef-horizontal-alignment-left qodef-grow-in\" style=\"transition-delay:300ms;-webkit-transition-delay:300ms\">\n\t<div class=\"qodef-elements-holder-item-inner\">\n\t\t<div class=\"qodef-elements-holder-item-content qodef-elements-holder-custom-360250\" style=\"padding: 0 0 0 0\">\n\t\t\t\t\t\t[vc_single_image image=\u00bb6467&#8243; img_size=\u00bbfull\u00bb alignment=\u00bbcenter\u00bb onclick=\u00bbcustom_link\u00bb link=\u00bbhttps:\/\/openits.co\/index.php\/facturacion-web\/\u00bb]\t\t<\/div>\n\t<\/div>\n<\/div><\/div>[vc_empty_space][vc_column_text]<\/p>\n<h5>Facturaci\u00f3n Web<\/h5>\n<p>[\/vc_column_text][vc_column_text]<span style=\"font-weight: 400;\">Cumpla su funci\u00f3n de facturar electr\u00f3nicamente de manera \u00e1gil, sencilla y econ\u00f3mica<br \/>\n<\/span>[\/vc_column_text][vc_empty_space height=\u00bb16px\u00bb][\/vc_column][vc_column width=\u00bb1\/4&#8243;]<div class=\"qodef-elements-holder qodef-responsive-mode-768\" ><div class=\"qodef-elements-holder-item qodef-vertical-alignment-middle qodef-horizontal-alignment-left qodef-grow-in\" style=\"transition-delay:300ms;-webkit-transition-delay:300ms\">\n\t<div class=\"qodef-elements-holder-item-inner\">\n\t\t<div class=\"qodef-elements-holder-item-content qodef-elements-holder-custom-233225\" style=\"padding: 0 0 0 0\">\n\t\t\t\t\t\t[vc_single_image image=\u00bb6284&#8243; img_size=\u00bbfull\u00bb alignment=\u00bbcenter\u00bb onclick=\u00bbcustom_link\u00bb link=\u00bbhttps:\/\/openits.co\/index.php\/modulo-recepcion\/\u00bb]\t\t<\/div>\n\t<\/div>\n<\/div><\/div>[vc_empty_space][vc_column_text]<\/p>\n<h5>M\u00f3dulo Recepci\u00f3n<\/h5>\n<p>[\/vc_column_text][vc_column_text]<span style=\"font-weight: 400;\">Automatice el proceso para recepci\u00f3n de factura de sus proveedores.<\/span>[\/vc_column_text][vc_empty_space height=\u00bb16px\u00bb][\/vc_column][vc_column width=\u00bb1\/4&#8243;]<div class=\"qodef-elements-holder qodef-responsive-mode-768\" ><div class=\"qodef-elements-holder-item qodef-vertical-alignment-middle qodef-horizontal-alignment-left qodef-grow-in\" style=\"transition-delay:300ms;-webkit-transition-delay:300ms\">\n\t<div class=\"qodef-elements-holder-item-inner\">\n\t\t<div class=\"qodef-elements-holder-item-content qodef-elements-holder-custom-468338\" style=\"padding: 0 0 0 0\">\n\t\t\t\t\t\t[vc_single_image image=\u00bb6283&#8243; img_size=\u00bbfull\u00bb alignment=\u00bbcenter\u00bb onclick=\u00bbcustom_link\u00bb link=\u00bbhttps:\/\/openits.co\/index.php\/modulo-gestion-para-clientes\/\u00bb]\t\t<\/div>\n\t<\/div>\n<\/div><\/div>[vc_empty_space][vc_column_text]<\/p>\n<h5>M\u00f3dulo Gesti\u00f3n Para Clientes<\/h5>\n<p>[\/vc_column_text][vc_column_text]<span style=\"font-weight: 400;\">Ofrezca a sus clientes un portal de gesti\u00f3n sobre los documentos generados (Facturas, NC, ND)<br \/>\n<\/span>[\/vc_column_text][vc_empty_space height=\u00bb16px\u00bb][\/vc_column][\/vc_row]<\/p>\n","protected":false},"excerpt":{"rendered":"<p>[vc_row content_width=\u00bbgrid\u00bb content_aligment=\u00bbcenter\u00bb css=\u00bb.vc_custom_1445435073706{padding-top: 58px !important;padding-bottom: 67px !important;}\u00bb][vc_column][vc_column_text] Nuestro Portal de Comercio Electr\u00f3nico le permite desmaterializar sus documentos de negocio y&#8230;<\/p>\n","protected":false},"author":1,"featured_media":0,"parent":0,"menu_order":0,"comment_status":"closed","ping_status":"closed","template":"full-width.php","meta":[],"yoast_head":"<!-- This site is optimized with the Yoast SEO Premium plugin v15.2.1 - https:\/\/yoast.com\/wordpress\/plugins\/seo\/ -->\n<title>OPEN ETL<\/title>\n<meta name=\"description\" content=\"Nuestro Portal de Comercio Electr\u00f3nico le permite desmaterializar sus documentos de negocio y lograr interoperabilidad de los datos frente a los nuevos requerimientos de FACTURACI\u00d3N ELECTR\u00d3NICA con Validaciones Previas exigidos por la DIAN\u00a0\" \/>\n<meta name=\"robots\" content=\"index, follow, max-snippet:-1, max-image-preview:large, max-video-preview:-1\" \/>\n<link rel=\"canonical\" href=\"https:\/\/openits.co\/index.php\/facturacion-electronica\/\" \/>\n<meta property=\"og:locale\" content=\"es_ES\" \/>\n<meta property=\"og:type\" content=\"article\" \/>\n<meta property=\"og:title\" content=\"OPEN ETL\" \/>\n<meta property=\"og:description\" content=\"Nuestro Portal de Comercio Electr\u00f3nico le permite desmaterializar sus documentos de negocio y lograr interoperabilidad de los datos frente a los nuevos requerimientos de FACTURACI\u00d3N ELECTR\u00d3NICA con Validaciones Previas exigidos por la DIAN\u00a0\" \/>\n<meta property=\"og:url\" content=\"https:\/\/openits.co\/index.php\/facturacion-electronica\/\" \/>\n<meta property=\"og:site_name\" content=\"Opentecnolog\u00eda\" \/>\n<meta property=\"article:publisher\" content=\"https:\/\/www.facebook.com\/opentecoficial\" \/>\n<meta property=\"article:modified_time\" content=\"2023-02-12T14:08:31+00:00\" \/>\n<meta property=\"og:image\" content=\"https:\/\/openits.co\/wp-content\/uploads\/2021\/05\/op-etl.jpg\" \/>\n\t<meta property=\"og:image:width\" content=\"1280\" \/>\n\t<meta property=\"og:image:height\" content=\"720\" \/>\n<meta name=\"twitter:card\" content=\"summary_large_image\" \/>\n<meta name=\"twitter:creator\" content=\"@OpenTecOficial\" \/>\n<meta name=\"twitter:site\" content=\"@OpenTecOficial\" \/>\n<meta name=\"twitter:label1\" content=\"Escrito por\">\n\t<meta name=\"twitter:data1\" content=\"admin\">\n\t<meta name=\"twitter:label2\" content=\"Tiempo de lectura\">\n\t<meta name=\"twitter:data2\" content=\"2 minutos\">\n<script type=\"application\/ld+json\" class=\"yoast-schema-graph\">{\"@context\":\"https:\/\/schema.org\",\"@graph\":[{\"@type\":\"Organization\",\"@id\":\"https:\/\/openits.co\/#organization\",\"name\":\"Open Tecnolog\\u00eda\",\"url\":\"https:\/\/openits.co\/\",\"sameAs\":[\"https:\/\/www.facebook.com\/opentecoficial\",\"https:\/\/www.instagram.com\/opentecnologia_\/\",\"https:\/\/www.youtube.com\/channel\/UCwMFj8DyKs5sK1qhzGS4sdA\",\"https:\/\/twitter.com\/OpenTecOficial\"],\"logo\":{\"@type\":\"ImageObject\",\"@id\":\"https:\/\/openits.co\/#logo\",\"inLanguage\":\"es\",\"url\":\"https:\/\/openits.co\/wp-content\/uploads\/2020\/09\/open.jpg\",\"width\":1280,\"height\":720,\"caption\":\"Open Tecnolog\\u00eda\"},\"image\":{\"@id\":\"https:\/\/openits.co\/#logo\"}},{\"@type\":\"WebSite\",\"@id\":\"https:\/\/openits.co\/#website\",\"url\":\"https:\/\/openits.co\/\",\"name\":\"Opentecnolog\\u00eda\",\"description\":\"Somos expertos en dise\\u00f1ar e implementar soluciones integrales y estructuradas de software sobre plataformas de \\u00faltima generaci\\u00f3n.\",\"publisher\":{\"@id\":\"https:\/\/openits.co\/#organization\"},\"potentialAction\":[{\"@type\":\"SearchAction\",\"target\":\"https:\/\/openits.co\/?s={search_term_string}\",\"query-input\":\"required name=search_term_string\"}],\"inLanguage\":\"es\"},{\"@type\":\"WebPage\",\"@id\":\"https:\/\/openits.co\/index.php\/facturacion-electronica\/#webpage\",\"url\":\"https:\/\/openits.co\/index.php\/facturacion-electronica\/\",\"name\":\"OPEN ETL\",\"isPartOf\":{\"@id\":\"https:\/\/openits.co\/#website\"},\"datePublished\":\"2020-08-12T01:36:28+00:00\",\"dateModified\":\"2023-02-12T14:08:31+00:00\",\"description\":\"Nuestro Portal de Comercio Electr\\u00f3nico le permite desmaterializar sus documentos de negocio y lograr interoperabilidad de los datos frente a los nuevos requerimientos de FACTURACI\\u00d3N ELECTR\\u00d3NICA con Validaciones Previas exigidos por la DIAN\\u00a0\",\"inLanguage\":\"es\",\"potentialAction\":[{\"@type\":\"ReadAction\",\"target\":[\"https:\/\/openits.co\/index.php\/facturacion-electronica\/\"]}]}]}<\/script>\n<!-- \/ Yoast SEO Premium plugin. -->","_links":{"self":[{"href":"https:\/\/openits.co\/index.php\/wp-json\/wp\/v2\/pages\/6243"}],"collection":[{"href":"https:\/\/openits.co\/index.php\/wp-json\/wp\/v2\/pages"}],"about":[{"href":"https:\/\/openits.co\/index.php\/wp-json\/wp\/v2\/types\/page"}],"author":[{"embeddable":true,"href":"https:\/\/openits.co\/index.php\/wp-json\/wp\/v2\/users\/1"}],"replies":[{"embeddable":true,"href":"https:\/\/openits.co\/index.php\/wp-json\/wp\/v2\/comments?post=6243"}],"version-history":[{"count":2,"href":"https:\/\/openits.co\/index.php\/wp-json\/wp\/v2\/pages\/6243\/revisions"}],"predecessor-version":[{"id":6960,"href":"https:\/\/openits.co\/index.php\/wp-json\/wp\/v2\/pages\/6243\/revisions\/6960"}],"wp:attachment":[{"href":"https:\/\/openits.co\/index.php\/wp-json\/wp\/v2\/media?parent=6243"}],"curies":[{"name":"wp","href":"https:\/\/api.w.org\/{rel}","templated":true}]}}